{"id":7650,"date":"2023-08-25T04:55:45","date_gmt":"2023-08-25T09:55:45","guid":{"rendered":"http:\/\/biocarbonregistry.io\/?page_id=7650"},"modified":"2026-03-03T14:14:48","modified_gmt":"2026-03-03T19:14:48","slug":"alianzas-bcr","status":"publish","type":"page","link":"https:\/\/biocarbonstandard.com\/en\/bcr-alliances\/","title":{"rendered":"Marketplace Alliances"},"content":{"rendered":"<div data-elementor-type=\"wp-page\" data-elementor-id=\"7650\" class=\"elementor elementor-7650\" data-elementor-post-type=\"page\">\n\t\t\t\t<div class=\"elementor-element elementor-element-1024cf7b e-con-full e-flex e-con e-parent\" data-id=\"1024cf7b\" data-element_type=\"container\">\n\t\t<div class=\"elementor-element elementor-element-286e404 e-con-full e-flex e-con e-child\" data-id=\"286e404\" data-element_type=\"container\" data-settings=\"{&quot;background_background&quot;:&quot;classic&quot;}\">\n\t\t\t\t<div class=\"elementor-element elementor-element-4367f74 elementor-widget-divider--view-line elementor-widget elementor-widget-divider\" data-id=\"4367f74\" data-element_type=\"widget\" data-widget_type=\"divider.default\">\n\t\t\t\t<div class=\"elementor-widget-container\">\n\t\t\t\t\t\t\t<div class=\"elementor-divider\">\n\t\t\t<span class=\"elementor-divider-separator\">\n\t\t\t\t\t\t<\/span>\n\t\t<\/div>\n\t\t\t\t\t\t<\/div>\n\t\t\t\t<\/div>\n\t\t\t\t<div class=\"elementor-element elementor-element-5de2e49b elementor-widget elementor-widget-heading\" data-id=\"5de2e49b\" data-element_type=\"widget\" data-widget_type=\"heading.default\">\n\t\t\t\t<div class=\"elementor-widget-container\">\n\t\t\t\t\t<h1 class=\"elementor-heading-title elementor-size-default\">BioCarbon connected to global Carbon Markets<\/h1>\t\t\t\t<\/div>\n\t\t\t\t<\/div>\n\t\t\t\t<div class=\"elementor-element elementor-element-852653b elementor-widget elementor-widget-text-editor\" data-id=\"852653b\" data-element_type=\"widget\" data-widget_type=\"text-editor.default\">\n\t\t\t\t<div class=\"elementor-widget-container\">\n\t\t\t\t\t\t\t\t\t<p>BioCarbon provides access to global carbon markets through tradable units, within a secure, transparent, and well-govened environment.<\/p><p>Through rigorous technological controls, BioCarbon ensures the security of information and guarantees the traceability and uniqueness of each Verified Carbon Credit (VCC) issued.<\/p><p>We invite you to transform your impact into value by connecting your project to global environmental markets.<\/p>\t\t\t\t\t\t\t\t<\/div>\n\t\t\t\t<\/div>\n\t\t\t\t<div class=\"elementor-element elementor-element-4124b47 elementor-widget-divider--view-line elementor-widget elementor-widget-divider\" data-id=\"4124b47\" data-element_type=\"widget\" data-widget_type=\"divider.default\">\n\t\t\t\t<div class=\"elementor-widget-container\">\n\t\t\t\t\t\t\t<div class=\"elementor-divider\">\n\t\t\t<span class=\"elementor-divider-separator\">\n\t\t\t\t\t\t<\/span>\n\t\t<\/div>\n\t\t\t\t\t\t<\/div>\n\t\t\t\t<\/div>\n\t\t\t\t<div class=\"elementor-element elementor-element-3bb4da0 elementor-widget elementor-widget-html\" data-id=\"3bb4da0\" data-element_type=\"widget\" data-widget_type=\"html.default\">\n\t\t\t\t<div class=\"elementor-widget-container\">\n\t\t\t\t\t<div style=\"margin: 0px; text-align: center;\">\n  <span style=\"color: #B9B9B9; font-family: 'Roboto', sans-serif; font-size: 11px; font-weight: 600;\">\u00a9 Pexels - Tina Nord<\/span>\n<\/div>\n\n\t\t\t\t<\/div>\n\t\t\t\t<\/div>\n\t\t\t\t<\/div>\n\t\t\t\t<\/div>\n\t\t<div class=\"elementor-element elementor-element-a3bd328 e-flex e-con-boxed e-con e-parent\" data-id=\"a3bd328\" data-element_type=\"container\">\n\t\t\t\t\t<div class=\"e-con-inner\">\n\t\t<div class=\"elementor-element elementor-element-e24ad94 e-con-full e-flex e-con e-child\" data-id=\"e24ad94\" data-element_type=\"container\">\n\t\t\t\t<div class=\"elementor-element elementor-element-e99c7df elementor-widget elementor-widget-image\" data-id=\"e99c7df\" data-element_type=\"widget\" data-widget_type=\"image.default\">\n\t\t\t\t<div class=\"elementor-widget-container\">\n\t\t\t\t\t\t\t\t\t\t\t\t\t\t\t\t<a href=\"https:\/\/ctxglobal.com\/\" target=\"_blank\" rel=\"noopener\">\n\t\t\t\t\t\t\t<img fetchpriority=\"high\" decoding=\"async\" width=\"1036\" height=\"350\" src=\"https:\/\/biocarbonstandard.com\/wp-content\/uploads\/CTX-Web-Logo-1-e1746741609378.webp\" class=\"attachment-full size-full wp-image-14004\" alt=\"\" srcset=\"https:\/\/biocarbonstandard.com\/wp-content\/uploads\/CTX-Web-Logo-1-e1746741609378.webp 1036w, https:\/\/biocarbonstandard.com\/wp-content\/uploads\/CTX-Web-Logo-1-e1746741609378-768x259.webp 768w, https:\/\/biocarbonstandard.com\/wp-content\/uploads\/CTX-Web-Logo-1-e1746741609378-18x6.webp 18w\" sizes=\"(max-width: 1036px) 100vw, 1036px\" \/>\t\t\t\t\t\t\t\t<\/a>\n\t\t\t\t\t\t\t\t\t\t\t\t\t\t\t<\/div>\n\t\t\t\t<\/div>\n\t\t\t\t<\/div>\n\t\t<div class=\"elementor-element elementor-element-02b2540 e-con-full e-flex e-con e-child\" data-id=\"02b2540\" data-element_type=\"container\">\n\t\t\t\t<div class=\"elementor-element elementor-element-197a844 elementor-widget elementor-widget-image\" data-id=\"197a844\" data-element_type=\"widget\" data-widget_type=\"image.default\">\n\t\t\t\t<div class=\"elementor-widget-container\">\n\t\t\t\t\t\t\t\t\t\t\t\t\t\t\t\t<a href=\"https:\/\/www.thallo.io\/\" target=\"_blank\" rel=\"noopener\">\n\t\t\t\t\t\t\t<img decoding=\"async\" width=\"673\" height=\"400\" src=\"https:\/\/biocarbonstandard.com\/wp-content\/uploads\/logo-alianza-02_11zon-673x400.webp\" class=\"attachment-medium size-medium wp-image-14145\" alt=\"\" srcset=\"https:\/\/biocarbonstandard.com\/wp-content\/uploads\/logo-alianza-02_11zon-673x400.webp 673w, https:\/\/biocarbonstandard.com\/wp-content\/uploads\/logo-alianza-02_11zon-768x456.webp 768w\" sizes=\"(max-width: 673px) 100vw, 673px\" \/>\t\t\t\t\t\t\t\t<\/a>\n\t\t\t\t\t\t\t\t\t\t\t\t\t\t\t<\/div>\n\t\t\t\t<\/div>\n\t\t\t\t<\/div>\n\t\t<div class=\"elementor-element elementor-element-e310e5c e-con-full e-flex e-con e-child\" data-id=\"e310e5c\" data-element_type=\"container\">\n\t\t\t\t<div class=\"elementor-element elementor-element-373f853 elementor-widget elementor-widget-image\" data-id=\"373f853\" data-element_type=\"widget\" data-widget_type=\"image.default\">\n\t\t\t\t<div class=\"elementor-widget-container\">\n\t\t\t\t\t\t\t\t\t\t\t\t\t\t\t\t<a href=\"https:\/\/carbonplace.com\/\" target=\"_blank\" rel=\"noopener\">\n\t\t\t\t\t\t\t<img decoding=\"async\" width=\"212\" height=\"32\" src=\"https:\/\/biocarbonstandard.com\/wp-content\/uploads\/logo.svg\" class=\"attachment-full size-full wp-image-17850\" alt=\"\" \/>\t\t\t\t\t\t\t\t<\/a>\n\t\t\t\t\t\t\t\t\t\t\t\t\t\t\t<\/div>\n\t\t\t\t<\/div>\n\t\t\t\t<\/div>\n\t\t<div class=\"elementor-element elementor-element-803417f e-con-full e-flex e-con e-child\" data-id=\"803417f\" data-element_type=\"container\">\n\t\t\t\t<div class=\"elementor-element elementor-element-8068ed9 elementor-widget elementor-widget-image\" data-id=\"8068ed9\" data-element_type=\"widget\" data-widget_type=\"image.default\">\n\t\t\t\t<div class=\"elementor-widget-container\">\n\t\t\t\t\t\t\t\t\t\t\t\t\t\t\t\t<a href=\"https:\/\/www.maceex.com\/en\/\" target=\"_blank\" rel=\"noopener\">\n\t\t\t\t\t\t\t<img loading=\"lazy\" decoding=\"async\" width=\"803\" height=\"207\" src=\"https:\/\/biocarbonstandard.com\/wp-content\/uploads\/MACAO.webp\" class=\"attachment-full size-full wp-image-18402\" alt=\"\" srcset=\"https:\/\/biocarbonstandard.com\/wp-content\/uploads\/MACAO.webp 803w, https:\/\/biocarbonstandard.com\/wp-content\/uploads\/MACAO-768x198.webp 768w, https:\/\/biocarbonstandard.com\/wp-content\/uploads\/MACAO-18x5.webp 18w\" sizes=\"(max-width: 803px) 100vw, 803px\" \/>\t\t\t\t\t\t\t\t<\/a>\n\t\t\t\t\t\t\t\t\t\t\t\t\t\t\t<\/div>\n\t\t\t\t<\/div>\n\t\t\t\t<\/div>\n\t\t\t\t\t<\/div>\n\t\t\t\t<\/div>\n\t\t<div class=\"elementor-element elementor-element-de8ae15 e-flex e-con-boxed e-con e-parent\" data-id=\"de8ae15\" data-element_type=\"container\">\n\t\t\t\t\t<div class=\"e-con-inner\">\n\t\t\t\t<div class=\"elementor-element elementor-element-e1cece4 elementor-alert-warning elementor-widget elementor-widget-alert\" data-id=\"e1cece4\" data-element_type=\"widget\" data-widget_type=\"alert.default\">\n\t\t\t\t<div class=\"elementor-widget-container\">\n\t\t\t\t\t\t\t<div class=\"elementor-alert\" role=\"alert\">\n\n\t\t\t\n\t\t\t\t\t\t<span class=\"elementor-alert-description\"><b>BioCarbon Standard<\/b> reserves the right to authorize or deny market platforms the commercialization and\/or tokenization of VCCs issued under the GHG Crediting Program.<\/span>\n\t\t\t\n\t\t\t\n\t\t<\/div>\n\t\t\t\t\t\t<\/div>\n\t\t\t\t<\/div>\n\t\t\t\t\t<\/div>\n\t\t\t\t<\/div>\n\t\t\t\t<\/div>","protected":false},"excerpt":{"rendered":"<p>BioCarbon conectado con los mercados globales de carbono BioCarbon facilita el acceso a los mercados globales de carbono mediante unidades transables, en un entorno seguro, transparente y con una gobernanza s\u00f3lida. A trav\u00e9s de rigurosos controles tecnol\u00f3gicos, BioCarbon garantiza la seguridad de la informaci\u00f3n y asegura la trazabilidad y la unicidad de cada Cr\u00e9dito de [&hellip;]<\/p>\n","protected":false},"author":1,"featured_media":0,"parent":0,"menu_order":0,"comment_status":"closed","ping_status":"closed","template":"elementor_header_footer","meta":{"_acf_changed":false,"footnotes":""},"class_list":["post-7650","page","type-page","status-publish","hentry"],"acf":[],"_links":{"self":[{"href":"https:\/\/biocarbonstandard.com\/en\/wp-json\/wp\/v2\/pages\/7650","targetHints":{"allow":["GET"]}}],"collection":[{"href":"https:\/\/biocarbonstandard.com\/en\/wp-json\/wp\/v2\/pages"}],"about":[{"href":"https:\/\/biocarbonstandard.com\/en\/wp-json\/wp\/v2\/types\/page"}],"author":[{"embeddable":true,"href":"https:\/\/biocarbonstandard.com\/en\/wp-json\/wp\/v2\/users\/1"}],"replies":[{"embeddable":true,"href":"https:\/\/biocarbonstandard.com\/en\/wp-json\/wp\/v2\/comments?post=7650"}],"version-history":[{"count":0,"href":"https:\/\/biocarbonstandard.com\/en\/wp-json\/wp\/v2\/pages\/7650\/revisions"}],"wp:attachment":[{"href":"https:\/\/biocarbonstandard.com\/en\/wp-json\/wp\/v2\/media?parent=7650"}],"curies":[{"name":"wp","href":"https:\/\/api.w.org\/{rel}","templated":true}]}}