{"id":2985,"date":"2022-02-26T19:12:26","date_gmt":"2022-02-27T00:12:26","guid":{"rendered":"https:\/\/page.biocarbonregistry.com\/?page_id=2985"},"modified":"2026-03-03T05:05:39","modified_gmt":"2026-03-03T10:05:39","slug":"estructura-organizacional","status":"publish","type":"page","link":"https:\/\/biocarbonstandard.com\/en\/organizational-structure\/","title":{"rendered":"Organizational Structure"},"content":{"rendered":"<div data-elementor-type=\"wp-page\" data-elementor-id=\"2985\" class=\"elementor elementor-2985\" data-elementor-post-type=\"page\">\n\t\t\t\t<div class=\"elementor-element elementor-element-6e9cd651 e-con-full e-flex e-con e-parent\" data-id=\"6e9cd651\" data-element_type=\"container\">\n\t\t<div class=\"elementor-element elementor-element-2d5db333 e-con-full e-flex e-con e-child\" data-id=\"2d5db333\" data-element_type=\"container\" data-settings=\"{&quot;background_background&quot;:&quot;classic&quot;}\">\n\t\t\t\t<div class=\"elementor-element elementor-element-1f246c0f elementor-widget elementor-widget-heading\" data-id=\"1f246c0f\" data-element_type=\"widget\" data-widget_type=\"heading.default\">\n\t\t\t\t<div class=\"elementor-widget-container\">\n\t\t\t\t\t<h1 class=\"elementor-heading-title elementor-size-default\">Organizational Structure<\/h1>\t\t\t\t<\/div>\n\t\t\t\t<\/div>\n\t\t<div class=\"elementor-element elementor-element-53eddda0 e-con-full e-flex e-con e-child\" data-id=\"53eddda0\" data-element_type=\"container\">\n\t\t\t\t<div class=\"elementor-element elementor-element-6539469 elementor-mobile-align-justify elementor-widget elementor-widget-button\" data-id=\"6539469\" data-element_type=\"widget\" id=\"accept\" data-widget_type=\"button.default\">\n\t\t\t\t<div class=\"elementor-widget-container\">\n\t\t\t\t\t\t\t\t\t<div class=\"elementor-button-wrapper\">\n\t\t\t\t\t<a class=\"elementor-button elementor-button-link elementor-size-sm\" href=\"#elementor-action%3Aaction%3Doff_canvas%3Aopen%26settings%3DeyJpZCI6IjY2N2I1OWMiLCJkaXNwbGF5TW9kZSI6Im9wZW4ifQ%3D%3D\">\n\t\t\t\t\t\t<span class=\"elementor-button-content-wrapper\">\n\t\t\t\t\t\t\t\t\t<span class=\"elementor-button-text\">Organizational chart<\/span>\n\t\t\t\t\t<\/span>\n\t\t\t\t\t<\/a>\n\t\t\t\t<\/div>\n\t\t\t\t\t\t\t\t<\/div>\n\t\t\t\t<\/div>\n\t\t\t\t<\/div>\n\t\t\t\t<\/div>\n\t\t\t\t<\/div>\n\t\t<div class=\"elementor-element elementor-element-36eefc0 e-flex e-con-boxed e-con e-parent\" data-id=\"36eefc0\" data-element_type=\"container\">\n\t\t\t\t\t<div class=\"e-con-inner\">\n\t\t\t\t<div class=\"elementor-element elementor-element-3a169d25 elementor-widget elementor-widget-text-editor\" data-id=\"3a169d25\" data-element_type=\"widget\" data-widget_type=\"text-editor.default\">\n\t\t\t\t<div class=\"elementor-widget-container\">\n\t\t\t\t\t\t\t\t\t<p>BioCarbon is a company of a commercial nature, governed by the clauses contained in its statutes and other relevant legal provisions. The main object of the company is the development and management of carbon and biodiversity standards. In this sense, BioCarbon supports the promotion of climate change mitigation actions through low carbon growth or ensuring national and international policies related to sustainable development objectives.<\/p><p>BioCarbon has an organizational structure based on its team members\u2019 quality and capacity to meet the expectations of both the organization, its clients, and other stakeholders. Counting on the excellence of those who make up the team, the organization\u2019s overall performance includes programming, execution, analysis, and evaluation, generating confidence, and seeking continued success<\/p>\t\t\t\t\t\t\t\t<\/div>\n\t\t\t\t<\/div>\n\t\t\t\t<div class=\"elementor-element elementor-element-0fe8485 elementor-widget elementor-widget-html\" data-id=\"0fe8485\" data-element_type=\"widget\" data-widget_type=\"html.default\">\n\t\t\t\t<div class=\"elementor-widget-container\">\n\t\t\t\t\t<script>\ndocument.addEventListener('DOMContentLoaded', function() {\n  const urlParams = new URLSearchParams(window.location.search);\n  if (urlParams.has('organization-structure-diagram')) {\n    console.log('Parametro detectado');\n    \n    setTimeout(function() {\n      const boton = document.querySelector('#accept .elementor-button');\n      \n      if (boton) {\n        boton.click();\n        console.log('Click ejecutado');\n        window.location.hash = 'diagram-activado';\n        console.log('Proceso completado');\n      } else {\n        console.log('Error: No se encontro el boton');\n      }\n    }, 3000);\n  }\n});\n<\/script>\t\t\t\t<\/div>\n\t\t\t\t<\/div>\n\t\t\t\t<div class=\"elementor-element elementor-element-667b59c elementor-widget elementor-widget-off-canvas\" data-id=\"667b59c\" data-element_type=\"widget\" data-widget_type=\"off-canvas.default\">\n\t\t\t\t<div class=\"elementor-widget-container\">\n\t\t\t\t\t\t\t<div id=\"off-canvas-667b59c\" class=\"e-off-canvas\" role=\"dialog\" aria-hidden=\"true\" aria-label=\"Off-Canvas - Organizacional\" aria-modal=\"true\" inert=\"\" data-delay-child-handlers=\"true\">\n\t\t\t<div class=\"e-off-canvas__overlay\"><\/div>\n\t\t\t<div class=\"e-off-canvas__main\">\n\t\t\t\t<div class=\"e-off-canvas__content\">\n\t\t\t\t\t<div class=\"elementor-element elementor-element-bbaf7ff e-con-full e-flex e-con e-child\" data-id=\"bbaf7ff\" data-element_type=\"container\">\n\t\t\t\t<div class=\"elementor-element elementor-element-b7e05b2 elementor-align-right elementor-widget elementor-widget-button\" data-id=\"b7e05b2\" data-element_type=\"widget\" data-widget_type=\"button.default\">\n\t\t\t\t<div class=\"elementor-widget-container\">\n\t\t\t\t\t\t\t\t\t<div class=\"elementor-button-wrapper\">\n\t\t\t\t\t<a class=\"elementor-button elementor-button-link elementor-size-sm\" href=\"#elementor-action%3Aaction%3Doff_canvas%3Aclose%26settings%3DeyJpZCI6IjY2N2I1OWMiLCJkaXNwbGF5TW9kZSI6ImNsb3NlIn0%3D\">\n\t\t\t\t\t\t<span class=\"elementor-button-content-wrapper\">\n\t\t\t\t\t\t<span class=\"elementor-button-icon\">\n\t\t\t\t<svg aria-hidden=\"true\" class=\"e-font-icon-svg e-far-times-circle\" viewbox=\"0 0 512 512\" xmlns=\"http:\/\/www.w3.org\/2000\/svg\"><path d=\"M256 8C119 8 8 119 8 256s111 248 248 248 248-111 248-248S393 8 256 8zm0 448c-110.5 0-200-89.5-200-200S145.5 56 256 56s200 89.5 200 200-89.5 200-200 200zm101.8-262.2L295.6 256l62.2 62.2c4.7 4.7 4.7 12.3 0 17l-22.6 22.6c-4.7 4.7-12.3 4.7-17 0L256 295.6l-62.2 62.2c-4.7 4.7-12.3 4.7-17 0l-22.6-22.6c-4.7-4.7-4.7-12.3 0-17l62.2-62.2-62.2-62.2c-4.7-4.7-4.7-12.3 0-17l22.6-22.6c4.7-4.7 12.3-4.7 17 0l62.2 62.2 62.2-62.2c4.7-4.7 12.3-4.7 17 0l22.6 22.6c4.7 4.7 4.7 12.3 0 17z\"><\/path><\/svg>\t\t\t<\/span>\n\t\t\t\t\t\t\t\t<\/span>\n\t\t\t\t\t<\/a>\n\t\t\t\t<\/div>\n\t\t\t\t\t\t\t\t<\/div>\n\t\t\t\t<\/div>\n\t\t\t\t<div class=\"elementor-element elementor-element-3b2a13d elementor-widget elementor-widget-shortcode\" data-id=\"3b2a13d\" data-element_type=\"widget\" data-widget_type=\"shortcode.default\">\n\t\t\t\t<div class=\"elementor-widget-container\">\n\t\t\t\t\t\t\t<div class=\"elementor-shortcode\"><img decoding=\"async\" class=\"lang-img-69e0ab447daae\" src=\"https:\/\/biocarbonstandard.com\/wp-content\/uploads\/Organizational_Chart.webp\" data-es=\"https:\/\/biocarbonstandard.com\/wp-content\/uploads\/Organigrama.webp\" data-en=\"https:\/\/biocarbonstandard.com\/wp-content\/uploads\/Organizational_Chart.webp\" srcset=\"https:\/\/biocarbonstandard.com\/wp-content\/uploads\/Organizational_Chart.webp 1500w, https:\/\/biocarbonstandard.com\/wp-content\/uploads\/Organizational_Chart-768x452.webp 768w, https:\/\/biocarbonstandard.com\/wp-content\/uploads\/Organizational_Chart-18x12.webp 18w\" sizes=\"(max-width: 1100px) 100vw, 1100px\" alt=\"\" loading=\"lazy\"><\/div>\n\t\t\t\t\t\t<\/div>\n\t\t\t\t<\/div>\n\t\t\t\t<\/div>\n\t\t\t\t\t\t<\/div>\n\t\t\t<\/div>\n\t\t<\/div>\n\t\t\t\t\t\t<\/div>\n\t\t\t\t<\/div>\n\t\t\t\t\t<\/div>\n\t\t\t\t<\/div>\n\t\t\t\t<\/div>","protected":false},"excerpt":{"rendered":"<p>Estructura Organizacional Organigrama BioCarbon es una sociedad de naturaleza comercial, regida por las cl\u00e1usulas contenidas en sus estatutos y en las dem\u00e1s disposiciones legales relevantes. El objeto principal de la compa\u00f1\u00eda es el desarrollo y manejo de est\u00e1ndares de carbono y biodiversidad. En este sentido, BioCarbon promueve el fomento de acciones de mitigaci\u00f3n de cambio [&hellip;]<\/p>\n","protected":false},"author":3,"featured_media":0,"parent":0,"menu_order":1,"comment_status":"closed","ping_status":"closed","template":"","meta":{"_acf_changed":false,"footnotes":""},"class_list":["post-2985","page","type-page","status-publish","hentry"],"acf":[],"_links":{"self":[{"href":"https:\/\/biocarbonstandard.com\/en\/wp-json\/wp\/v2\/pages\/2985","targetHints":{"allow":["GET"]}}],"collection":[{"href":"https:\/\/biocarbonstandard.com\/en\/wp-json\/wp\/v2\/pages"}],"about":[{"href":"https:\/\/biocarbonstandard.com\/en\/wp-json\/wp\/v2\/types\/page"}],"author":[{"embeddable":true,"href":"https:\/\/biocarbonstandard.com\/en\/wp-json\/wp\/v2\/users\/3"}],"replies":[{"embeddable":true,"href":"https:\/\/biocarbonstandard.com\/en\/wp-json\/wp\/v2\/comments?post=2985"}],"version-history":[{"count":0,"href":"https:\/\/biocarbonstandard.com\/en\/wp-json\/wp\/v2\/pages\/2985\/revisions"}],"wp:attachment":[{"href":"https:\/\/biocarbonstandard.com\/en\/wp-json\/wp\/v2\/media?parent=2985"}],"curies":[{"name":"wp","href":"https:\/\/api.w.org\/{rel}","templated":true}]}}