{"id":13196,"date":"2024-04-06T12:12:46","date_gmt":"2024-04-06T17:12:46","guid":{"rendered":"https:\/\/biocarbon-standard-final-24.local\/?page_id=13196"},"modified":"2026-01-16T11:13:40","modified_gmt":"2026-01-16T16:13:40","slug":"certificacion-biodiversidad","status":"publish","type":"page","link":"https:\/\/biocarbonstandard.com\/en\/certification-biodiversity\/","title":{"rendered":"Biodiversity Initiatives Certification"},"content":{"rendered":"<div data-elementor-type=\"wp-page\" data-elementor-id=\"13196\" class=\"elementor elementor-13196\" data-elementor-post-type=\"page\">\n\t\t\t\t<div class=\"elementor-element elementor-element-57fab4a6 e-con-full e-flex e-con e-parent\" data-id=\"57fab4a6\" data-element_type=\"container\">\n\t\t<div class=\"elementor-element elementor-element-2236836a e-con-full e-flex e-con e-child\" data-id=\"2236836a\" data-element_type=\"container\" data-settings=\"{&quot;background_background&quot;:&quot;classic&quot;}\">\n\t\t\t\t<div class=\"elementor-element elementor-element-44bbd6cb elementor-widget elementor-widget-heading\" data-id=\"44bbd6cb\" data-element_type=\"widget\" data-widget_type=\"heading.default\">\n\t\t\t\t<div class=\"elementor-widget-container\">\n\t\t\t\t\t<h1 class=\"elementor-heading-title elementor-size-default\">Biodiversity Initiatives Auditing<\/h1>\t\t\t\t<\/div>\n\t\t\t\t<\/div>\n\t\t\t\t<div class=\"elementor-element elementor-element-45b0b42 elementor-widget elementor-widget-text-editor\" data-id=\"45b0b42\" data-element_type=\"widget\" data-widget_type=\"text-editor.default\">\n\t\t\t\t<div class=\"elementor-widget-container\">\n\t\t\t\t\t\t\t\t\tBioCarbon only issues Biodiversity Credits (BDCs) when a Certification Body has previously performed the required auditing process for the Biodiversity Conservation Initiative and has certified the biodiversity conservation. Certification Bodies shall comply with the principles of BioCarbon, stay current with all international accreditations and assure to act permanently in accordance to mandatory impartiality, competence and coherence.\t\t\t\t\t\t\t\t<\/div>\n\t\t\t\t<\/div>\n\t\t\t\t<div class=\"elementor-element elementor-element-e1e662e elementor-widget elementor-widget-text-editor\" data-id=\"e1e662e\" data-element_type=\"widget\" data-widget_type=\"text-editor.default\">\n\t\t\t\t<div class=\"elementor-widget-container\">\n\t\t\t\t\t\t\t\t\t<p>Certification Bodies interested in auditing and certifying Biodiversity Initiatives that intend to obtain BDCs with BioCarbon, shall fill out the Application Form and send it to cab@biocarbonstandard.com, with all the required documentation.<\/p>\t\t\t\t\t\t\t\t<\/div>\n\t\t\t\t<\/div>\n\t\t<div class=\"elementor-element elementor-element-7641e8f0 e-con-full e-flex e-con e-child\" data-id=\"7641e8f0\" data-element_type=\"container\">\n\t\t\t\t<div class=\"elementor-element elementor-element-2e751a29 elementor-mobile-align-justify elementor-widget elementor-widget-button\" data-id=\"2e751a29\" data-element_type=\"widget\" data-widget_type=\"button.default\">\n\t\t\t\t<div class=\"elementor-widget-container\">\n\t\t\t\t\t\t\t\t\t<div class=\"elementor-button-wrapper\">\n\t\t\t\t\t<a class=\"elementor-button elementor-button-link elementor-size-sm\" href=\"https:\/\/biocarbonstandard.com\/wp-content\/uploads\/BioCarbon_Audit_Manual.pdf\">\n\t\t\t\t\t\t<span class=\"elementor-button-content-wrapper\">\n\t\t\t\t\t\t<span class=\"elementor-button-icon\">\n\t\t\t\t<svg aria-hidden=\"true\" class=\"e-font-icon-svg e-far-file-pdf\" viewbox=\"0 0 384 512\" xmlns=\"http:\/\/www.w3.org\/2000\/svg\"><path d=\"M369.9 97.9L286 14C277 5 264.8-.1 252.1-.1H48C21.5 0 0 21.5 0 48v416c0 26.5 21.5 48 48 48h288c26.5 0 48-21.5 48-48V131.9c0-12.7-5.1-25-14.1-34zM332.1 128H256V51.9l76.1 76.1zM48 464V48h160v104c0 13.3 10.7 24 24 24h104v288H48zm250.2-143.7c-12.2-12-47-8.7-64.4-6.5-17.2-10.5-28.7-25-36.8-46.3 3.9-16.1 10.1-40.6 5.4-56-4.2-26.2-37.8-23.6-42.6-5.9-4.4 16.1-.4 38.5 7 67.1-10 23.9-24.9 56-35.4 74.4-20 10.3-47 26.2-51 46.2-3.3 15.8 26 55.2 76.1-31.2 22.4-7.4 46.8-16.5 68.4-20.1 18.9 10.2 41 17 55.8 17 25.5 0 28-28.2 17.5-38.7zm-198.1 77.8c5.1-13.7 24.5-29.5 30.4-35-19 30.3-30.4 35.7-30.4 35zm81.6-190.6c7.4 0 6.7 32.1 1.8 40.8-4.4-13.9-4.3-40.8-1.8-40.8zm-24.4 136.6c9.7-16.9 18-37 24.7-54.7 8.3 15.1 18.9 27.2 30.1 35.5-20.8 4.3-38.9 13.1-54.8 19.2zm131.6-5s-5 6-37.3-7.8c35.1-2.6 40.9 5.4 37.3 7.8z\"><\/path><\/svg>\t\t\t<\/span>\n\t\t\t\t\t\t\t\t\t<span class=\"elementor-button-text\"> Audit Manual<\/span>\n\t\t\t\t\t<\/span>\n\t\t\t\t\t<\/a>\n\t\t\t\t<\/div>\n\t\t\t\t\t\t\t\t<\/div>\n\t\t\t\t<\/div>\n\t\t\t\t<div class=\"elementor-element elementor-element-10ffc91f elementor-mobile-align-justify elementor-widget elementor-widget-button\" data-id=\"10ffc91f\" data-element_type=\"widget\" data-widget_type=\"button.default\">\n\t\t\t\t<div class=\"elementor-widget-container\">\n\t\t\t\t\t\t\t\t\t<div class=\"elementor-button-wrapper\">\n\t\t\t\t\t<a class=\"elementor-button elementor-button-link elementor-size-sm\" href=\"https:\/\/biocarbonstandard.com\/wp-content\/uploads\/BioCarbon_Application_Form_Certification_Bodies.docx\">\n\t\t\t\t\t\t<span class=\"elementor-button-content-wrapper\">\n\t\t\t\t\t\t<span class=\"elementor-button-icon\">\n\t\t\t\t<svg aria-hidden=\"true\" class=\"e-font-icon-svg e-far-file-word\" viewbox=\"0 0 384 512\" xmlns=\"http:\/\/www.w3.org\/2000\/svg\"><path d=\"M369.9 97.9L286 14C277 5 264.8-.1 252.1-.1H48C21.5 0 0 21.5 0 48v416c0 26.5 21.5 48 48 48h288c26.5 0 48-21.5 48-48V131.9c0-12.7-5.1-25-14.1-34zM332.1 128H256V51.9l76.1 76.1zM48 464V48h160v104c0 13.3 10.7 24 24 24h104v288H48zm220.1-208c-5.7 0-10.6 4-11.7 9.5-20.6 97.7-20.4 95.4-21 103.5-.2-1.2-.4-2.6-.7-4.3-.8-5.1.3.2-23.6-99.5-1.3-5.4-6.1-9.2-11.7-9.2h-13.3c-5.5 0-10.3 3.8-11.7 9.1-24.4 99-24 96.2-24.8 103.7-.1-1.1-.2-2.5-.5-4.2-.7-5.2-14.1-73.3-19.1-99-1.1-5.6-6-9.7-11.8-9.7h-16.8c-7.8 0-13.5 7.3-11.7 14.8 8 32.6 26.7 109.5 33.2 136 1.3 5.4 6.1 9.1 11.7 9.1h25.2c5.5 0 10.3-3.7 11.6-9.1l17.9-71.4c1.5-6.2 2.5-12 3-17.3l2.9 17.3c.1.4 12.6 50.5 17.9 71.4 1.3 5.3 6.1 9.1 11.6 9.1h24.7c5.5 0 10.3-3.7 11.6-9.1 20.8-81.9 30.2-119 34.5-136 1.9-7.6-3.8-14.9-11.6-14.9h-15.8z\"><\/path><\/svg>\t\t\t<\/span>\n\t\t\t\t\t\t\t\t\t<span class=\"elementor-button-text\"> Application Form<\/span>\n\t\t\t\t\t<\/span>\n\t\t\t\t\t<\/a>\n\t\t\t\t<\/div>\n\t\t\t\t\t\t\t\t<\/div>\n\t\t\t\t<\/div>\n\t\t\t\t<\/div>\n\t\t\t\t<\/div>\n\t\t\t\t<\/div>\n\t\t<div class=\"elementor-element elementor-element-2d88159 e-flex e-con-boxed e-con e-parent\" data-id=\"2d88159\" data-element_type=\"container\">\n\t\t\t\t\t<div class=\"e-con-inner\">\n\t\t<div class=\"elementor-element elementor-element-89a20b2 e-con-full e-flex e-con e-child\" data-id=\"89a20b2\" data-element_type=\"container\">\n\t\t<div class=\"elementor-element elementor-element-b4fdfe2 e-con-full e-flex e-con e-child\" data-id=\"b4fdfe2\" data-element_type=\"container\">\n\t\t\t\t<div class=\"elementor-element elementor-element-a2e8e33 elementor-position-top elementor-widget elementor-widget-image-box\" data-id=\"a2e8e33\" data-element_type=\"widget\" data-widget_type=\"image-box.default\">\n\t\t\t\t<div class=\"elementor-widget-container\">\n\t\t\t\t\t<div class=\"elementor-image-box-wrapper\"><figure class=\"elementor-image-box-img\"><a href=\"https:\/\/naturacert.org\/\" tabindex=\"-1\" target=\"_blank\" rel=\"noopener\"><img fetchpriority=\"high\" decoding=\"async\" width=\"768\" height=\"483\" src=\"https:\/\/biocarbonstandard.com\/wp-content\/uploads\/logo-naturacert-e1712424208487-768x483_11zon.webp\" class=\"attachment-full size-full wp-image-14179\" alt=\"\" srcset=\"https:\/\/biocarbonstandard.com\/wp-content\/uploads\/logo-naturacert-e1712424208487-768x483_11zon.webp 768w, https:\/\/biocarbonstandard.com\/wp-content\/uploads\/logo-naturacert-e1712424208487-768x483_11zon-636x400.webp 636w, https:\/\/biocarbonstandard.com\/wp-content\/uploads\/logo-naturacert-e1712424208487-768x483_11zon-18x12.webp 18w\" sizes=\"(max-width: 768px) 100vw, 768px\" \/><\/a><\/figure><div class=\"elementor-image-box-content\"><h3 class=\"elementor-image-box-title\"><a href=\"https:\/\/naturacert.org\/\" target=\"_blank\" rel=\"noopener\">Natura Cert<\/a><\/h3><\/div><\/div>\t\t\t\t<\/div>\n\t\t\t\t<\/div>\n\t\t\t\t<\/div>\n\t\t\t\t<\/div>\n\t\t<div class=\"elementor-element elementor-element-e215e79 e-con-full e-flex e-con e-child\" data-id=\"e215e79\" data-element_type=\"container\">\n\t\t<div class=\"elementor-element elementor-element-a4cc5d1 e-con-full e-flex e-con e-child\" data-id=\"a4cc5d1\" data-element_type=\"container\">\n\t\t\t\t<div class=\"elementor-element elementor-element-1d97e6b elementor-position-top elementor-widget elementor-widget-image-box\" data-id=\"1d97e6b\" data-element_type=\"widget\" data-widget_type=\"image-box.default\">\n\t\t\t\t<div class=\"elementor-widget-container\">\n\t\t\t\t\t<div class=\"elementor-image-box-wrapper\"><figure class=\"elementor-image-box-img\"><a href=\"https:\/\/cerescolombia.com\/\" tabindex=\"-1\" target=\"_blank\" rel=\"noopener\"><img decoding=\"async\" width=\"800\" height=\"307\" src=\"https:\/\/biocarbonstandard.com\/wp-content\/uploads\/CERES-LOGO-PNG-800x307_11zon.webp\" class=\"attachment-full size-full wp-image-14180\" alt=\"\" srcset=\"https:\/\/biocarbonstandard.com\/wp-content\/uploads\/CERES-LOGO-PNG-800x307_11zon.webp 800w, https:\/\/biocarbonstandard.com\/wp-content\/uploads\/CERES-LOGO-PNG-800x307_11zon-768x295.webp 768w, https:\/\/biocarbonstandard.com\/wp-content\/uploads\/CERES-LOGO-PNG-800x307_11zon-18x7.webp 18w\" sizes=\"(max-width: 800px) 100vw, 800px\" \/><\/a><\/figure><div class=\"elementor-image-box-content\"><h3 class=\"elementor-image-box-title\"><a href=\"https:\/\/cerescolombia.com\/\" target=\"_blank\" rel=\"noopener\">CERES Colombia Cert SAS BIC<\/a><\/h3><\/div><\/div>\t\t\t\t<\/div>\n\t\t\t\t<\/div>\n\t\t\t\t<\/div>\n\t\t\t\t<\/div>\n\t\t<div class=\"elementor-element elementor-element-b782cf7 e-con-full e-flex e-con e-child\" data-id=\"b782cf7\" data-element_type=\"container\">\n\t\t\t\t<\/div>\n\t\t\t\t\t<\/div>\n\t\t\t\t<\/div>\n\t\t\t\t<\/div>","protected":false},"excerpt":{"rendered":"<p>Auditor\u00eda de Iniciativas de Biodiversidad BioCarbon solo emitir\u00e1 Cr\u00e9ditos de Biodiversidad (BDCs por sus siglas en ingl\u00e9s) una vez que el Organismo de Certificaci\u00f3n Independiente haya realizado el proceso de auditor\u00eda requerido para la Iniciativa de Conservaci\u00f3n de la Biodiversidad y haya certificado la conservaci\u00f3n de la biodiversidad. Los Organismos de Certificaci\u00f3n deber\u00e1n cumplir con [&hellip;]<\/p>\n","protected":false},"author":1,"featured_media":0,"parent":0,"menu_order":1,"comment_status":"closed","ping_status":"closed","template":"elementor_header_footer","meta":{"_acf_changed":false,"footnotes":""},"class_list":["post-13196","page","type-page","status-publish","hentry"],"acf":[],"_links":{"self":[{"href":"https:\/\/biocarbonstandard.com\/en\/wp-json\/wp\/v2\/pages\/13196","targetHints":{"allow":["GET"]}}],"collection":[{"href":"https:\/\/biocarbonstandard.com\/en\/wp-json\/wp\/v2\/pages"}],"about":[{"href":"https:\/\/biocarbonstandard.com\/en\/wp-json\/wp\/v2\/types\/page"}],"author":[{"embeddable":true,"href":"https:\/\/biocarbonstandard.com\/en\/wp-json\/wp\/v2\/users\/1"}],"replies":[{"embeddable":true,"href":"https:\/\/biocarbonstandard.com\/en\/wp-json\/wp\/v2\/comments?post=13196"}],"version-history":[{"count":0,"href":"https:\/\/biocarbonstandard.com\/en\/wp-json\/wp\/v2\/pages\/13196\/revisions"}],"wp:attachment":[{"href":"https:\/\/biocarbonstandard.com\/en\/wp-json\/wp\/v2\/media?parent=13196"}],"curies":[{"name":"wp","href":"https:\/\/api.w.org\/{rel}","templated":true}]}}